{"id":1075,"date":"2020-02-19T15:02:21","date_gmt":"2020-02-19T13:02:21","guid":{"rendered":"https:\/\/puidukaitlus.ee\/transport\/"},"modified":"2023-07-24T16:36:44","modified_gmt":"2023-07-24T13:36:44","slug":"transport-service","status":"publish","type":"page","link":"https:\/\/puidukaitlus.ee\/en\/services\/transport-service\/","title":{"rendered":"Transport Service"},"content":{"rendered":"\t\t<div data-elementor-type=\"wp-page\" data-elementor-id=\"1075\" class=\"elementor elementor-1075 elementor-614\" data-elementor-post-type=\"page\">\n\t\t\t\t\t\t<section class=\"elementor-section elementor-top-section elementor-element elementor-element-630c81bf elementor-section-height-min-height elementor-section-boxed elementor-section-height-default elementor-section-items-middle\" data-id=\"630c81bf\" data-element_type=\"section\" data-e-type=\"section\" data-settings=\"{&quot;background_background&quot;:&quot;classic&quot;,&quot;shape_divider_bottom&quot;:&quot;tilt&quot;}\">\n\t\t\t\t\t\t\t<div class=\"elementor-background-overlay\"><\/div>\n\t\t\t\t\t\t<div class=\"elementor-shape elementor-shape-bottom\" aria-hidden=\"true\" data-negative=\"false\">\n\t\t\t<svg xmlns=\"http:\/\/www.w3.org\/2000\/svg\" viewBox=\"0 0 1000 100\" preserveAspectRatio=\"none\">\n\t<path class=\"elementor-shape-fill\" d=\"M0,6V0h1000v100L0,6z\"\/>\n<\/svg>\t\t<\/div>\n\t\t\t\t\t<div class=\"elementor-container elementor-column-gap-no\">\n\t\t\t\t\t<div class=\"elementor-column elementor-col-100 elementor-top-column elementor-element elementor-element-1f4ff8fc\" data-id=\"1f4ff8fc\" data-element_type=\"column\" data-e-type=\"column\">\n\t\t\t<div class=\"elementor-widget-wrap elementor-element-populated\">\n\t\t\t\t\t\t<div class=\"elementor-element elementor-element-7db26cd5 elementor-widget elementor-widget-heading\" data-id=\"7db26cd5\" data-element_type=\"widget\" data-e-type=\"widget\" data-widget_type=\"heading.default\">\n\t\t\t\t<div class=\"elementor-widget-container\">\n\t\t\t\t\t<h1 class=\"elementor-heading-title elementor-size-large\">Transport Service<\/h1>\t\t\t\t<\/div>\n\t\t\t\t<\/div>\n\t\t\t\t<div class=\"elementor-element elementor-element-1518ada3 elementor-widget elementor-widget-heading\" data-id=\"1518ada3\" data-element_type=\"widget\" data-e-type=\"widget\" data-widget_type=\"heading.default\">\n\t\t\t\t<div class=\"elementor-widget-container\">\n\t\t\t\t\t<h2 class=\"elementor-heading-title elementor-size-large\">We provide the transport service, bringing the container onto your territory and later, once it\u2019s full, also taking it away.<\/h2>\t\t\t\t<\/div>\n\t\t\t\t<\/div>\n\t\t\t\t\t<\/div>\n\t\t<\/div>\n\t\t\t\t\t<\/div>\n\t\t<\/section>\n\t\t\t\t<section class=\"elementor-section elementor-top-section elementor-element elementor-element-7d00864b elementor-section-full_width elementor-section-height-min-height elementor-section-items-stretch elementor-section-content-middle elementor-reverse-mobile elementor-reverse-tablet elementor-section-height-default\" data-id=\"7d00864b\" data-element_type=\"section\" data-e-type=\"section\">\n\t\t\t\t\t\t<div class=\"elementor-container elementor-column-gap-no\">\n\t\t\t\t\t<div class=\"elementor-column elementor-col-50 elementor-top-column elementor-element elementor-element-7df3dd8f\" data-id=\"7df3dd8f\" data-element_type=\"column\" data-e-type=\"column\" data-settings=\"{&quot;background_background&quot;:&quot;classic&quot;}\">\n\t\t\t<div class=\"elementor-widget-wrap elementor-element-populated\">\n\t\t\t\t\t<div class=\"elementor-background-overlay\"><\/div>\n\t\t\t\t\t\t<div class=\"elementor-element elementor-element-40a81cd3 elementor-widget elementor-widget-spacer\" data-id=\"40a81cd3\" data-element_type=\"widget\" data-e-type=\"widget\" data-widget_type=\"spacer.default\">\n\t\t\t\t<div class=\"elementor-widget-container\">\n\t\t\t\t\t\t\t<div class=\"elementor-spacer\">\n\t\t\t<div class=\"elementor-spacer-inner\"><\/div>\n\t\t<\/div>\n\t\t\t\t\t\t<\/div>\n\t\t\t\t<\/div>\n\t\t\t\t\t<\/div>\n\t\t<\/div>\n\t\t\t\t<div class=\"elementor-column elementor-col-50 elementor-top-column elementor-element elementor-element-2c48df80 elementor-invisible\" data-id=\"2c48df80\" data-element_type=\"column\" data-e-type=\"column\" data-settings=\"{&quot;animation&quot;:&quot;fadeInRight&quot;}\">\n\t\t\t<div class=\"elementor-widget-wrap elementor-element-populated\">\n\t\t\t\t\t\t<div class=\"elementor-element elementor-element-380f132f elementor-widget elementor-widget-heading\" data-id=\"380f132f\" data-element_type=\"widget\" data-e-type=\"widget\" data-widget_type=\"heading.default\">\n\t\t\t\t<div class=\"elementor-widget-container\">\n\t\t\t\t\t<h2 class=\"elementor-heading-title elementor-size-default\">Transport Service<\/h2>\t\t\t\t<\/div>\n\t\t\t\t<\/div>\n\t\t\t\t<div class=\"elementor-element elementor-element-5a547c65 elementor-widget elementor-widget-text-editor\" data-id=\"5a547c65\" data-element_type=\"widget\" data-e-type=\"widget\" data-widget_type=\"text-editor.default\">\n\t\t\t\t<div class=\"elementor-widget-container\">\n\t\t\t\t\t\t\t\t\t<p>Puiduk\u00e4itlus O\u00dc provides a transport service. We bring the container onto your territory for material storage and take the material to our storage site once it\u2019s full.<\/p>\t\t\t\t\t\t\t\t<\/div>\n\t\t\t\t<\/div>\n\t\t\t\t\t<\/div>\n\t\t<\/div>\n\t\t\t\t\t<\/div>\n\t\t<\/section>\n\t\t\t\t<section class=\"elementor-section elementor-top-section elementor-element elementor-element-428b6d30 elementor-section-full_width elementor-section-height-min-height elementor-section-items-stretch elementor-section-content-middle elementor-section-height-default\" data-id=\"428b6d30\" data-element_type=\"section\" data-e-type=\"section\">\n\t\t\t\t\t\t<div class=\"elementor-container elementor-column-gap-no\">\n\t\t\t\t\t<div class=\"elementor-column elementor-col-50 elementor-top-column elementor-element elementor-element-52df1b12 elementor-invisible\" data-id=\"52df1b12\" data-element_type=\"column\" data-e-type=\"column\" data-settings=\"{&quot;animation&quot;:&quot;fadeInLeft&quot;}\">\n\t\t\t<div class=\"elementor-widget-wrap elementor-element-populated\">\n\t\t\t\t\t\t<div class=\"elementor-element elementor-element-3d0942ed elementor-widget elementor-widget-heading\" data-id=\"3d0942ed\" data-element_type=\"widget\" data-e-type=\"widget\" data-widget_type=\"heading.default\">\n\t\t\t\t<div class=\"elementor-widget-container\">\n\t\t\t\t\t<h2 class=\"elementor-heading-title elementor-size-default\">TERMS AND CONDITIONS<\/h2>\t\t\t\t<\/div>\n\t\t\t\t<\/div>\n\t\t\t\t<div class=\"elementor-element elementor-element-1c3f4045 elementor-widget elementor-widget-text-editor\" data-id=\"1c3f4045\" data-element_type=\"widget\" data-e-type=\"widget\" data-widget_type=\"text-editor.default\">\n\t\t\t\t<div class=\"elementor-widget-container\">\n\t\t\t\t\t\t\t\t\t<ul><li aria-level=\"1\">Access and a load bearing surface must be provided for the truck.<\/li><li aria-level=\"1\">Material that is to be taken away cannot be more than 5 m away from the lift\u2019s loading reach.<\/li><li aria-level=\"1\">The height of the loading zone must be at least 8 m (e.g., branches, powerlines, awnings, and other obstacles).<\/li><li aria-level=\"1\">The branches, trunks, and stumps may not contain soil, stones, and other materials.<\/li><li aria-level=\"1\">If required, the client must ensure road closures and required markings.<\/li><li aria-level=\"1\">A deadheading fee is applied according to the pricelist. The minimum hourly fee applies if the previous points have not been fulfilled and the service cannot be provided.<\/li><\/ul>\t\t\t\t\t\t\t\t<\/div>\n\t\t\t\t<\/div>\n\t\t\t\t\t<\/div>\n\t\t<\/div>\n\t\t\t\t<div class=\"elementor-column elementor-col-50 elementor-top-column elementor-element elementor-element-1b4c6be9\" data-id=\"1b4c6be9\" data-element_type=\"column\" data-e-type=\"column\" data-settings=\"{&quot;background_background&quot;:&quot;classic&quot;}\">\n\t\t\t<div class=\"elementor-widget-wrap elementor-element-populated\">\n\t\t\t\t\t<div class=\"elementor-background-overlay\"><\/div>\n\t\t\t\t\t\t<div class=\"elementor-element elementor-element-6d90bfda elementor-widget elementor-widget-spacer\" data-id=\"6d90bfda\" data-element_type=\"widget\" data-e-type=\"widget\" data-widget_type=\"spacer.default\">\n\t\t\t\t<div class=\"elementor-widget-container\">\n\t\t\t\t\t\t\t<div class=\"elementor-spacer\">\n\t\t\t<div class=\"elementor-spacer-inner\"><\/div>\n\t\t<\/div>\n\t\t\t\t\t\t<\/div>\n\t\t\t\t<\/div>\n\t\t\t\t\t<\/div>\n\t\t<\/div>\n\t\t\t\t\t<\/div>\n\t\t<\/section>\n\t\t\t\t<\/div>\n\t\t","protected":false},"excerpt":{"rendered":"<p>Transport Service We provide the transport service, bringing the container onto your territory and later, once it\u2019s full, also taking it away. Transport Service Puiduk\u00e4itlus O\u00dc provides a transport service. We bring the container onto your territory for material storage and take the material to our storage site once it\u2019s full. TERMS AND CONDITIONS Access [&hellip;]<\/p>\n","protected":false},"author":7,"featured_media":0,"parent":1013,"menu_order":0,"comment_status":"closed","ping_status":"closed","template":"","meta":{"footnotes":""},"class_list":["post-1075","page","type-page","status-publish","hentry"],"yoast_head":"<!-- This site is optimized with the Yoast SEO plugin v27.6 - https:\/\/yoast.com\/product\/yoast-seo-wordpress\/ -->\n<title>Transport Service | Puiduk\u00e4itlus O\u00dc<\/title>\n<meta name=\"description\" content=\"Puiduk\u00e4itlus O\u00dc provides a transport service. We bring the container onto your territory for material storage.\" \/>\n<meta name=\"robots\" content=\"index, follow, max-snippet:-1, max-image-preview:large, max-video-preview:-1\" \/>\n<link rel=\"canonical\" href=\"https:\/\/puidukaitlus.ee\/en\/services\/transport-service\/\" \/>\n<meta property=\"og:locale\" content=\"en_US\" \/>\n<meta property=\"og:type\" content=\"article\" \/>\n<meta property=\"og:title\" content=\"Transport Service | Puiduk\u00e4itlus O\u00dc\" \/>\n<meta property=\"og:description\" content=\"Puiduk\u00e4itlus O\u00dc provides a transport service. We bring the container onto your territory for material storage.\" \/>\n<meta property=\"og:url\" content=\"https:\/\/puidukaitlus.ee\/en\/services\/transport-service\/\" \/>\n<meta property=\"og:site_name\" content=\"Puiduk&auml;itlus\" \/>\n<meta property=\"article:publisher\" content=\"https:\/\/www.facebook.com\/puidukaitlus\" \/>\n<meta property=\"article:modified_time\" content=\"2023-07-24T13:36:44+00:00\" \/>\n<meta property=\"og:image\" content=\"https:\/\/puidukaitlus.ee\/wp-content\/uploads\/2019\/09\/puiduk2itus-logokodukale.jpg\" \/>\n\t<meta property=\"og:image:width\" content=\"2000\" \/>\n\t<meta property=\"og:image:height\" content=\"1200\" \/>\n\t<meta property=\"og:image:type\" content=\"image\/jpeg\" \/>\n<meta name=\"twitter:card\" content=\"summary_large_image\" \/>\n<meta name=\"twitter:label1\" content=\"Est. reading time\" \/>\n\t<meta name=\"twitter:data1\" content=\"1 minute\" \/>\n<script type=\"application\/ld+json\" class=\"yoast-schema-graph\">{\"@context\":\"https:\\\/\\\/schema.org\",\"@graph\":[{\"@type\":\"WebPage\",\"@id\":\"https:\\\/\\\/puidukaitlus.ee\\\/en\\\/services\\\/transport-service\\\/\",\"url\":\"https:\\\/\\\/puidukaitlus.ee\\\/en\\\/services\\\/transport-service\\\/\",\"name\":\"Transport Service | Puiduk\u00e4itlus O\u00dc\",\"isPartOf\":{\"@id\":\"https:\\\/\\\/puidukaitlus.ee\\\/en\\\/#website\"},\"datePublished\":\"2020-02-19T13:02:21+00:00\",\"dateModified\":\"2023-07-24T13:36:44+00:00\",\"description\":\"Puiduk\u00e4itlus O\u00dc provides a transport service. We bring the container onto your territory for material storage.\",\"breadcrumb\":{\"@id\":\"https:\\\/\\\/puidukaitlus.ee\\\/en\\\/services\\\/transport-service\\\/#breadcrumb\"},\"inLanguage\":\"en-US\",\"potentialAction\":[{\"@type\":\"ReadAction\",\"target\":[\"https:\\\/\\\/puidukaitlus.ee\\\/en\\\/services\\\/transport-service\\\/\"]}]},{\"@type\":\"BreadcrumbList\",\"@id\":\"https:\\\/\\\/puidukaitlus.ee\\\/en\\\/services\\\/transport-service\\\/#breadcrumb\",\"itemListElement\":[{\"@type\":\"ListItem\",\"position\":1,\"name\":\"Home\",\"item\":\"https:\\\/\\\/puidukaitlus.ee\\\/en\\\/\"},{\"@type\":\"ListItem\",\"position\":2,\"name\":\"Services\",\"item\":\"https:\\\/\\\/puidukaitlus.ee\\\/en\\\/teenused\\\/\"},{\"@type\":\"ListItem\",\"position\":3,\"name\":\"Transport Service\"}]},{\"@type\":\"WebSite\",\"@id\":\"https:\\\/\\\/puidukaitlus.ee\\\/en\\\/#website\",\"url\":\"https:\\\/\\\/puidukaitlus.ee\\\/en\\\/\",\"name\":\"Puiduk\u00e4itlus\",\"description\":\"Puidu k&auml;itlemine\",\"publisher\":{\"@id\":\"https:\\\/\\\/puidukaitlus.ee\\\/en\\\/#organization\"},\"alternateName\":\"Puiduk\u00e4itlus O\u00dc\",\"potentialAction\":[{\"@type\":\"SearchAction\",\"target\":{\"@type\":\"EntryPoint\",\"urlTemplate\":\"https:\\\/\\\/puidukaitlus.ee\\\/en\\\/?s={search_term_string}\"},\"query-input\":{\"@type\":\"PropertyValueSpecification\",\"valueRequired\":true,\"valueName\":\"search_term_string\"}}],\"inLanguage\":\"en-US\"},{\"@type\":\"Organization\",\"@id\":\"https:\\\/\\\/puidukaitlus.ee\\\/en\\\/#organization\",\"name\":\"Puiduk\u00e4itlus O\u00dc\",\"alternateName\":\"Puiduk\u00e4itlus O\u00dc\",\"url\":\"https:\\\/\\\/puidukaitlus.ee\\\/en\\\/\",\"logo\":{\"@type\":\"ImageObject\",\"inLanguage\":\"en-US\",\"@id\":\"https:\\\/\\\/puidukaitlus.ee\\\/en\\\/#\\\/schema\\\/logo\\\/image\\\/\",\"url\":\"https:\\\/\\\/puidukaitlus.ee\\\/wp-content\\\/uploads\\\/2019\\\/09\\\/puiduk\u00e4itlus-logod_valge.png\",\"contentUrl\":\"https:\\\/\\\/puidukaitlus.ee\\\/wp-content\\\/uploads\\\/2019\\\/09\\\/puiduk\u00e4itlus-logod_valge.png\",\"width\":595,\"height\":139,\"caption\":\"Puiduk\u00e4itlus O\u00dc\"},\"image\":{\"@id\":\"https:\\\/\\\/puidukaitlus.ee\\\/en\\\/#\\\/schema\\\/logo\\\/image\\\/\"},\"sameAs\":[\"https:\\\/\\\/www.facebook.com\\\/puidukaitlus\"]}]}<\/script>\n<!-- \/ Yoast SEO plugin. -->","yoast_head_json":{"title":"Transport Service | Puiduk\u00e4itlus O\u00dc","description":"Puiduk\u00e4itlus O\u00dc provides a transport service. We bring the container onto your territory for material storage.","robots":{"index":"index","follow":"follow","max-snippet":"max-snippet:-1","max-image-preview":"max-image-preview:large","max-video-preview":"max-video-preview:-1"},"canonical":"https:\/\/puidukaitlus.ee\/en\/services\/transport-service\/","og_locale":"en_US","og_type":"article","og_title":"Transport Service | Puiduk\u00e4itlus O\u00dc","og_description":"Puiduk\u00e4itlus O\u00dc provides a transport service. We bring the container onto your territory for material storage.","og_url":"https:\/\/puidukaitlus.ee\/en\/services\/transport-service\/","og_site_name":"Puiduk&auml;itlus","article_publisher":"https:\/\/www.facebook.com\/puidukaitlus","article_modified_time":"2023-07-24T13:36:44+00:00","og_image":[{"width":2000,"height":1200,"url":"https:\/\/puidukaitlus.ee\/wp-content\/uploads\/2019\/09\/puiduk2itus-logokodukale.jpg","type":"image\/jpeg"}],"twitter_card":"summary_large_image","twitter_misc":{"Est. reading time":"1 minute"},"schema":{"@context":"https:\/\/schema.org","@graph":[{"@type":"WebPage","@id":"https:\/\/puidukaitlus.ee\/en\/services\/transport-service\/","url":"https:\/\/puidukaitlus.ee\/en\/services\/transport-service\/","name":"Transport Service | Puiduk\u00e4itlus O\u00dc","isPartOf":{"@id":"https:\/\/puidukaitlus.ee\/en\/#website"},"datePublished":"2020-02-19T13:02:21+00:00","dateModified":"2023-07-24T13:36:44+00:00","description":"Puiduk\u00e4itlus O\u00dc provides a transport service. We bring the container onto your territory for material storage.","breadcrumb":{"@id":"https:\/\/puidukaitlus.ee\/en\/services\/transport-service\/#breadcrumb"},"inLanguage":"en-US","potentialAction":[{"@type":"ReadAction","target":["https:\/\/puidukaitlus.ee\/en\/services\/transport-service\/"]}]},{"@type":"BreadcrumbList","@id":"https:\/\/puidukaitlus.ee\/en\/services\/transport-service\/#breadcrumb","itemListElement":[{"@type":"ListItem","position":1,"name":"Home","item":"https:\/\/puidukaitlus.ee\/en\/"},{"@type":"ListItem","position":2,"name":"Services","item":"https:\/\/puidukaitlus.ee\/en\/teenused\/"},{"@type":"ListItem","position":3,"name":"Transport Service"}]},{"@type":"WebSite","@id":"https:\/\/puidukaitlus.ee\/en\/#website","url":"https:\/\/puidukaitlus.ee\/en\/","name":"Puiduk\u00e4itlus","description":"Puidu k&auml;itlemine","publisher":{"@id":"https:\/\/puidukaitlus.ee\/en\/#organization"},"alternateName":"Puiduk\u00e4itlus O\u00dc","potentialAction":[{"@type":"SearchAction","target":{"@type":"EntryPoint","urlTemplate":"https:\/\/puidukaitlus.ee\/en\/?s={search_term_string}"},"query-input":{"@type":"PropertyValueSpecification","valueRequired":true,"valueName":"search_term_string"}}],"inLanguage":"en-US"},{"@type":"Organization","@id":"https:\/\/puidukaitlus.ee\/en\/#organization","name":"Puiduk\u00e4itlus O\u00dc","alternateName":"Puiduk\u00e4itlus O\u00dc","url":"https:\/\/puidukaitlus.ee\/en\/","logo":{"@type":"ImageObject","inLanguage":"en-US","@id":"https:\/\/puidukaitlus.ee\/en\/#\/schema\/logo\/image\/","url":"https:\/\/puidukaitlus.ee\/wp-content\/uploads\/2019\/09\/puiduk\u00e4itlus-logod_valge.png","contentUrl":"https:\/\/puidukaitlus.ee\/wp-content\/uploads\/2019\/09\/puiduk\u00e4itlus-logod_valge.png","width":595,"height":139,"caption":"Puiduk\u00e4itlus O\u00dc"},"image":{"@id":"https:\/\/puidukaitlus.ee\/en\/#\/schema\/logo\/image\/"},"sameAs":["https:\/\/www.facebook.com\/puidukaitlus"]}]}},"_links":{"self":[{"href":"https:\/\/puidukaitlus.ee\/en\/wp-json\/wp\/v2\/pages\/1075","targetHints":{"allow":["GET"]}}],"collection":[{"href":"https:\/\/puidukaitlus.ee\/en\/wp-json\/wp\/v2\/pages"}],"about":[{"href":"https:\/\/puidukaitlus.ee\/en\/wp-json\/wp\/v2\/types\/page"}],"author":[{"embeddable":true,"href":"https:\/\/puidukaitlus.ee\/en\/wp-json\/wp\/v2\/users\/7"}],"replies":[{"embeddable":true,"href":"https:\/\/puidukaitlus.ee\/en\/wp-json\/wp\/v2\/comments?post=1075"}],"version-history":[{"count":15,"href":"https:\/\/puidukaitlus.ee\/en\/wp-json\/wp\/v2\/pages\/1075\/revisions"}],"predecessor-version":[{"id":2899,"href":"https:\/\/puidukaitlus.ee\/en\/wp-json\/wp\/v2\/pages\/1075\/revisions\/2899"}],"up":[{"embeddable":true,"href":"https:\/\/puidukaitlus.ee\/en\/wp-json\/wp\/v2\/pages\/1013"}],"wp:attachment":[{"href":"https:\/\/puidukaitlus.ee\/en\/wp-json\/wp\/v2\/media?parent=1075"}],"curies":[{"name":"wp","href":"https:\/\/api.w.org\/{rel}","templated":true}]}}