{"id":1166,"date":"2021-02-01T01:07:38","date_gmt":"2021-01-31T23:07:38","guid":{"rendered":"https:\/\/puidukaitlus.ee\/eksklusiivpuidu-muuk\/"},"modified":"2023-07-24T16:37:30","modified_gmt":"2023-07-24T13:37:30","slug":"exclusive-wood","status":"publish","type":"page","link":"https:\/\/puidukaitlus.ee\/en\/services\/exclusive-wood\/","title":{"rendered":"Sale of exclusive wood"},"content":{"rendered":"\t\t<div data-elementor-type=\"wp-page\" data-elementor-id=\"1166\" class=\"elementor elementor-1166 elementor-1157\" data-elementor-post-type=\"page\">\n\t\t\t\t\t\t<section class=\"elementor-section elementor-top-section elementor-element elementor-element-4c07b1f9 elementor-section-height-min-height elementor-section-boxed elementor-section-height-default elementor-section-items-middle\" data-id=\"4c07b1f9\" data-element_type=\"section\" data-e-type=\"section\" data-settings=\"{&quot;background_background&quot;:&quot;classic&quot;,&quot;shape_divider_bottom&quot;:&quot;tilt&quot;}\">\n\t\t\t\t\t\t\t<div class=\"elementor-background-overlay\"><\/div>\n\t\t\t\t\t\t<div class=\"elementor-shape elementor-shape-bottom\" aria-hidden=\"true\" data-negative=\"false\">\n\t\t\t<svg xmlns=\"http:\/\/www.w3.org\/2000\/svg\" viewBox=\"0 0 1000 100\" preserveAspectRatio=\"none\">\n\t<path class=\"elementor-shape-fill\" d=\"M0,6V0h1000v100L0,6z\"\/>\n<\/svg>\t\t<\/div>\n\t\t\t\t\t<div class=\"elementor-container elementor-column-gap-no\">\n\t\t\t\t\t<div class=\"elementor-column elementor-col-100 elementor-top-column elementor-element elementor-element-1efd144d\" data-id=\"1efd144d\" data-element_type=\"column\" data-e-type=\"column\">\n\t\t\t<div class=\"elementor-widget-wrap elementor-element-populated\">\n\t\t\t\t\t\t<div class=\"elementor-element elementor-element-76d610f elementor-widget elementor-widget-heading\" data-id=\"76d610f\" data-element_type=\"widget\" data-e-type=\"widget\" data-widget_type=\"heading.default\">\n\t\t\t\t<div class=\"elementor-widget-container\">\n\t\t\t\t\t<h1 class=\"elementor-heading-title elementor-size-large\">Sale of exclusive wood<\/h1>\t\t\t\t<\/div>\n\t\t\t\t<\/div>\n\t\t\t\t\t<\/div>\n\t\t<\/div>\n\t\t\t\t\t<\/div>\n\t\t<\/section>\n\t\t\t\t<section class=\"elementor-section elementor-top-section elementor-element elementor-element-7434980a elementor-section-full_width elementor-section-height-min-height elementor-section-items-stretch elementor-section-content-middle elementor-reverse-mobile elementor-reverse-tablet elementor-section-height-default\" data-id=\"7434980a\" data-element_type=\"section\" data-e-type=\"section\">\n\t\t\t\t\t\t<div class=\"elementor-container elementor-column-gap-no\">\n\t\t\t\t\t<div class=\"elementor-column elementor-col-50 elementor-top-column elementor-element elementor-element-1e65bef3\" data-id=\"1e65bef3\" data-element_type=\"column\" data-e-type=\"column\" data-settings=\"{&quot;background_background&quot;:&quot;classic&quot;}\">\n\t\t\t<div class=\"elementor-widget-wrap elementor-element-populated\">\n\t\t\t\t\t<div class=\"elementor-background-overlay\"><\/div>\n\t\t\t\t\t\t<div class=\"elementor-element elementor-element-7e38200a elementor-widget elementor-widget-spacer\" data-id=\"7e38200a\" data-element_type=\"widget\" data-e-type=\"widget\" data-widget_type=\"spacer.default\">\n\t\t\t\t<div class=\"elementor-widget-container\">\n\t\t\t\t\t\t\t<div class=\"elementor-spacer\">\n\t\t\t<div class=\"elementor-spacer-inner\"><\/div>\n\t\t<\/div>\n\t\t\t\t\t\t<\/div>\n\t\t\t\t<\/div>\n\t\t\t\t\t<\/div>\n\t\t<\/div>\n\t\t\t\t<div class=\"elementor-column elementor-col-50 elementor-top-column elementor-element elementor-element-2ba6f571 elementor-invisible\" data-id=\"2ba6f571\" data-element_type=\"column\" data-e-type=\"column\" data-settings=\"{&quot;animation&quot;:&quot;fadeInRight&quot;}\">\n\t\t\t<div class=\"elementor-widget-wrap elementor-element-populated\">\n\t\t\t\t\t\t<div class=\"elementor-element elementor-element-60307ce elementor-widget elementor-widget-heading\" data-id=\"60307ce\" data-element_type=\"widget\" data-e-type=\"widget\" data-widget_type=\"heading.default\">\n\t\t\t\t<div class=\"elementor-widget-container\">\n\t\t\t\t\t<h2 class=\"elementor-heading-title elementor-size-default\">Sale of exclusive wood<\/h2>\t\t\t\t<\/div>\n\t\t\t\t<\/div>\n\t\t\t\t<div class=\"elementor-element elementor-element-7095e74 elementor-widget elementor-widget-text-editor\" data-id=\"7095e74\" data-element_type=\"widget\" data-e-type=\"widget\" data-widget_type=\"text-editor.default\">\n\t\t\t\t<div class=\"elementor-widget-container\">\n\t\t\t\t\t\t\t\t\t<p>We offer ash, oak, black alder, spruce and pine planks.<\/p>\t\t\t\t\t\t\t\t<\/div>\n\t\t\t\t<\/div>\n\t\t\t\t\t<\/div>\n\t\t<\/div>\n\t\t\t\t\t<\/div>\n\t\t<\/section>\n\t\t\t\t<\/div>\n\t\t","protected":false},"excerpt":{"rendered":"<p>Sale of exclusive wood Sale of exclusive wood We offer ash, oak, black alder, spruce and pine planks.<\/p>\n","protected":false},"author":1,"featured_media":0,"parent":1013,"menu_order":0,"comment_status":"closed","ping_status":"closed","template":"","meta":{"footnotes":""},"class_list":["post-1166","page","type-page","status-publish","hentry"],"yoast_head":"<!-- This site is optimized with the Yoast SEO plugin v27.6 - https:\/\/yoast.com\/product\/yoast-seo-wordpress\/ -->\n<title>Sale of exclusive wood - Puiduk\u00e4itlus O\u00dc<\/title>\n<meta name=\"description\" content=\"Sale of exclusive wood - We offer ash, oak, black alder, spruce and pine planks. Our company is developing the circular economy.\" \/>\n<meta name=\"robots\" content=\"index, follow, max-snippet:-1, max-image-preview:large, max-video-preview:-1\" \/>\n<link rel=\"canonical\" href=\"https:\/\/puidukaitlus.ee\/en\/services\/exclusive-wood\/\" \/>\n<meta property=\"og:locale\" content=\"en_US\" \/>\n<meta property=\"og:type\" content=\"article\" \/>\n<meta property=\"og:title\" content=\"Sale of exclusive wood - Puiduk\u00e4itlus O\u00dc\" \/>\n<meta property=\"og:description\" content=\"Sale of exclusive wood - We offer ash, oak, black alder, spruce and pine planks. Our company is developing the circular economy.\" \/>\n<meta property=\"og:url\" content=\"https:\/\/puidukaitlus.ee\/en\/services\/exclusive-wood\/\" \/>\n<meta property=\"og:site_name\" content=\"Puiduk&auml;itlus\" \/>\n<meta property=\"article:publisher\" content=\"https:\/\/www.facebook.com\/puidukaitlus\" \/>\n<meta property=\"article:modified_time\" content=\"2023-07-24T13:37:30+00:00\" \/>\n<meta property=\"og:image\" content=\"https:\/\/puidukaitlus.ee\/wp-content\/uploads\/2019\/09\/puiduk2itus-logokodukale.jpg\" \/>\n\t<meta property=\"og:image:width\" content=\"2000\" \/>\n\t<meta property=\"og:image:height\" content=\"1200\" \/>\n\t<meta property=\"og:image:type\" content=\"image\/jpeg\" \/>\n<meta name=\"twitter:card\" content=\"summary_large_image\" \/>\n<meta name=\"twitter:label1\" content=\"Est. reading time\" \/>\n\t<meta name=\"twitter:data1\" content=\"1 minute\" \/>\n<script type=\"application\/ld+json\" class=\"yoast-schema-graph\">{\"@context\":\"https:\\\/\\\/schema.org\",\"@graph\":[{\"@type\":\"WebPage\",\"@id\":\"https:\\\/\\\/puidukaitlus.ee\\\/en\\\/services\\\/exclusive-wood\\\/\",\"url\":\"https:\\\/\\\/puidukaitlus.ee\\\/en\\\/services\\\/exclusive-wood\\\/\",\"name\":\"Sale of exclusive wood - Puiduk\u00e4itlus O\u00dc\",\"isPartOf\":{\"@id\":\"https:\\\/\\\/puidukaitlus.ee\\\/en\\\/#website\"},\"datePublished\":\"2021-01-31T23:07:38+00:00\",\"dateModified\":\"2023-07-24T13:37:30+00:00\",\"description\":\"Sale of exclusive wood - We offer ash, oak, black alder, spruce and pine planks. Our company is developing the circular economy.\",\"breadcrumb\":{\"@id\":\"https:\\\/\\\/puidukaitlus.ee\\\/en\\\/services\\\/exclusive-wood\\\/#breadcrumb\"},\"inLanguage\":\"en-US\",\"potentialAction\":[{\"@type\":\"ReadAction\",\"target\":[\"https:\\\/\\\/puidukaitlus.ee\\\/en\\\/services\\\/exclusive-wood\\\/\"]}]},{\"@type\":\"BreadcrumbList\",\"@id\":\"https:\\\/\\\/puidukaitlus.ee\\\/en\\\/services\\\/exclusive-wood\\\/#breadcrumb\",\"itemListElement\":[{\"@type\":\"ListItem\",\"position\":1,\"name\":\"Home\",\"item\":\"https:\\\/\\\/puidukaitlus.ee\\\/en\\\/\"},{\"@type\":\"ListItem\",\"position\":2,\"name\":\"Services\",\"item\":\"https:\\\/\\\/puidukaitlus.ee\\\/en\\\/teenused\\\/\"},{\"@type\":\"ListItem\",\"position\":3,\"name\":\"Sale of exclusive wood\"}]},{\"@type\":\"WebSite\",\"@id\":\"https:\\\/\\\/puidukaitlus.ee\\\/en\\\/#website\",\"url\":\"https:\\\/\\\/puidukaitlus.ee\\\/en\\\/\",\"name\":\"Puiduk\u00e4itlus\",\"description\":\"Puidu k&auml;itlemine\",\"publisher\":{\"@id\":\"https:\\\/\\\/puidukaitlus.ee\\\/en\\\/#organization\"},\"alternateName\":\"Puiduk\u00e4itlus O\u00dc\",\"potentialAction\":[{\"@type\":\"SearchAction\",\"target\":{\"@type\":\"EntryPoint\",\"urlTemplate\":\"https:\\\/\\\/puidukaitlus.ee\\\/en\\\/?s={search_term_string}\"},\"query-input\":{\"@type\":\"PropertyValueSpecification\",\"valueRequired\":true,\"valueName\":\"search_term_string\"}}],\"inLanguage\":\"en-US\"},{\"@type\":\"Organization\",\"@id\":\"https:\\\/\\\/puidukaitlus.ee\\\/en\\\/#organization\",\"name\":\"Puiduk\u00e4itlus O\u00dc\",\"alternateName\":\"Puiduk\u00e4itlus O\u00dc\",\"url\":\"https:\\\/\\\/puidukaitlus.ee\\\/en\\\/\",\"logo\":{\"@type\":\"ImageObject\",\"inLanguage\":\"en-US\",\"@id\":\"https:\\\/\\\/puidukaitlus.ee\\\/en\\\/#\\\/schema\\\/logo\\\/image\\\/\",\"url\":\"https:\\\/\\\/puidukaitlus.ee\\\/wp-content\\\/uploads\\\/2019\\\/09\\\/puiduk\u00e4itlus-logod_valge.png\",\"contentUrl\":\"https:\\\/\\\/puidukaitlus.ee\\\/wp-content\\\/uploads\\\/2019\\\/09\\\/puiduk\u00e4itlus-logod_valge.png\",\"width\":595,\"height\":139,\"caption\":\"Puiduk\u00e4itlus O\u00dc\"},\"image\":{\"@id\":\"https:\\\/\\\/puidukaitlus.ee\\\/en\\\/#\\\/schema\\\/logo\\\/image\\\/\"},\"sameAs\":[\"https:\\\/\\\/www.facebook.com\\\/puidukaitlus\"]}]}<\/script>\n<!-- \/ Yoast SEO plugin. -->","yoast_head_json":{"title":"Sale of exclusive wood - Puiduk\u00e4itlus O\u00dc","description":"Sale of exclusive wood - We offer ash, oak, black alder, spruce and pine planks. Our company is developing the circular economy.","robots":{"index":"index","follow":"follow","max-snippet":"max-snippet:-1","max-image-preview":"max-image-preview:large","max-video-preview":"max-video-preview:-1"},"canonical":"https:\/\/puidukaitlus.ee\/en\/services\/exclusive-wood\/","og_locale":"en_US","og_type":"article","og_title":"Sale of exclusive wood - Puiduk\u00e4itlus O\u00dc","og_description":"Sale of exclusive wood - We offer ash, oak, black alder, spruce and pine planks. Our company is developing the circular economy.","og_url":"https:\/\/puidukaitlus.ee\/en\/services\/exclusive-wood\/","og_site_name":"Puiduk&auml;itlus","article_publisher":"https:\/\/www.facebook.com\/puidukaitlus","article_modified_time":"2023-07-24T13:37:30+00:00","og_image":[{"width":2000,"height":1200,"url":"https:\/\/puidukaitlus.ee\/wp-content\/uploads\/2019\/09\/puiduk2itus-logokodukale.jpg","type":"image\/jpeg"}],"twitter_card":"summary_large_image","twitter_misc":{"Est. reading time":"1 minute"},"schema":{"@context":"https:\/\/schema.org","@graph":[{"@type":"WebPage","@id":"https:\/\/puidukaitlus.ee\/en\/services\/exclusive-wood\/","url":"https:\/\/puidukaitlus.ee\/en\/services\/exclusive-wood\/","name":"Sale of exclusive wood - Puiduk\u00e4itlus O\u00dc","isPartOf":{"@id":"https:\/\/puidukaitlus.ee\/en\/#website"},"datePublished":"2021-01-31T23:07:38+00:00","dateModified":"2023-07-24T13:37:30+00:00","description":"Sale of exclusive wood - We offer ash, oak, black alder, spruce and pine planks. Our company is developing the circular economy.","breadcrumb":{"@id":"https:\/\/puidukaitlus.ee\/en\/services\/exclusive-wood\/#breadcrumb"},"inLanguage":"en-US","potentialAction":[{"@type":"ReadAction","target":["https:\/\/puidukaitlus.ee\/en\/services\/exclusive-wood\/"]}]},{"@type":"BreadcrumbList","@id":"https:\/\/puidukaitlus.ee\/en\/services\/exclusive-wood\/#breadcrumb","itemListElement":[{"@type":"ListItem","position":1,"name":"Home","item":"https:\/\/puidukaitlus.ee\/en\/"},{"@type":"ListItem","position":2,"name":"Services","item":"https:\/\/puidukaitlus.ee\/en\/teenused\/"},{"@type":"ListItem","position":3,"name":"Sale of exclusive wood"}]},{"@type":"WebSite","@id":"https:\/\/puidukaitlus.ee\/en\/#website","url":"https:\/\/puidukaitlus.ee\/en\/","name":"Puiduk\u00e4itlus","description":"Puidu k&auml;itlemine","publisher":{"@id":"https:\/\/puidukaitlus.ee\/en\/#organization"},"alternateName":"Puiduk\u00e4itlus O\u00dc","potentialAction":[{"@type":"SearchAction","target":{"@type":"EntryPoint","urlTemplate":"https:\/\/puidukaitlus.ee\/en\/?s={search_term_string}"},"query-input":{"@type":"PropertyValueSpecification","valueRequired":true,"valueName":"search_term_string"}}],"inLanguage":"en-US"},{"@type":"Organization","@id":"https:\/\/puidukaitlus.ee\/en\/#organization","name":"Puiduk\u00e4itlus O\u00dc","alternateName":"Puiduk\u00e4itlus O\u00dc","url":"https:\/\/puidukaitlus.ee\/en\/","logo":{"@type":"ImageObject","inLanguage":"en-US","@id":"https:\/\/puidukaitlus.ee\/en\/#\/schema\/logo\/image\/","url":"https:\/\/puidukaitlus.ee\/wp-content\/uploads\/2019\/09\/puiduk\u00e4itlus-logod_valge.png","contentUrl":"https:\/\/puidukaitlus.ee\/wp-content\/uploads\/2019\/09\/puiduk\u00e4itlus-logod_valge.png","width":595,"height":139,"caption":"Puiduk\u00e4itlus O\u00dc"},"image":{"@id":"https:\/\/puidukaitlus.ee\/en\/#\/schema\/logo\/image\/"},"sameAs":["https:\/\/www.facebook.com\/puidukaitlus"]}]}},"_links":{"self":[{"href":"https:\/\/puidukaitlus.ee\/en\/wp-json\/wp\/v2\/pages\/1166","targetHints":{"allow":["GET"]}}],"collection":[{"href":"https:\/\/puidukaitlus.ee\/en\/wp-json\/wp\/v2\/pages"}],"about":[{"href":"https:\/\/puidukaitlus.ee\/en\/wp-json\/wp\/v2\/types\/page"}],"author":[{"embeddable":true,"href":"https:\/\/puidukaitlus.ee\/en\/wp-json\/wp\/v2\/users\/1"}],"replies":[{"embeddable":true,"href":"https:\/\/puidukaitlus.ee\/en\/wp-json\/wp\/v2\/comments?post=1166"}],"version-history":[{"count":18,"href":"https:\/\/puidukaitlus.ee\/en\/wp-json\/wp\/v2\/pages\/1166\/revisions"}],"predecessor-version":[{"id":2905,"href":"https:\/\/puidukaitlus.ee\/en\/wp-json\/wp\/v2\/pages\/1166\/revisions\/2905"}],"up":[{"embeddable":true,"href":"https:\/\/puidukaitlus.ee\/en\/wp-json\/wp\/v2\/pages\/1013"}],"wp:attachment":[{"href":"https:\/\/puidukaitlus.ee\/en\/wp-json\/wp\/v2\/media?parent=1166"}],"curies":[{"name":"wp","href":"https:\/\/api.w.org\/{rel}","templated":true}]}}