{"id":1167,"date":"2021-02-01T01:07:38","date_gmt":"2021-01-31T23:07:38","guid":{"rendered":"https:\/\/puidukaitlus.ee\/eksklusiivpuidu-muuk\/"},"modified":"2023-07-06T09:44:42","modified_gmt":"2023-07-06T06:44:42","slug":"%d0%bf%d1%80%d0%be%d0%b4%d0%b0%d0%b6%d0%b0-%d1%8d%d0%ba%d1%81%d0%ba%d0%bb%d1%8e%d0%b7%d0%b8%d0%b2%d0%bd%d0%be%d0%b9-%d0%b4%d1%80%d0%b5%d0%b2%d0%b5%d1%81%d0%b8%d0%bd%d1%8b","status":"publish","type":"page","link":"https:\/\/puidukaitlus.ee\/ru\/%d1%83%d1%81%d0%bb%d1%83%d0%b3%d0%b8\/%d0%bf%d1%80%d0%be%d0%b4%d0%b0%d0%b6%d0%b0-%d1%8d%d0%ba%d1%81%d0%ba%d0%bb%d1%8e%d0%b7%d0%b8%d0%b2%d0%bd%d0%be%d0%b9-%d0%b4%d1%80%d0%b5%d0%b2%d0%b5%d1%81%d0%b8%d0%bd%d1%8b\/","title":{"rendered":"\u041f\u0440\u043e\u0434\u0430\u0436\u0430 \u044d\u043a\u0441\u043a\u043b\u044e\u0437\u0438\u0432\u043d\u043e\u0439 \u0434\u0440\u0435\u0432\u0435\u0441\u0438\u043d\u044b"},"content":{"rendered":"\t\t<div data-elementor-type=\"wp-page\" data-elementor-id=\"1167\" class=\"elementor elementor-1167 elementor-1157\" data-elementor-post-type=\"page\">\n\t\t\t\t\t\t<section class=\"elementor-section elementor-top-section elementor-element elementor-element-4c07b1f9 elementor-section-height-min-height elementor-section-boxed elementor-section-height-default elementor-section-items-middle\" data-id=\"4c07b1f9\" data-element_type=\"section\" data-e-type=\"section\" data-settings=\"{&quot;background_background&quot;:&quot;classic&quot;,&quot;shape_divider_bottom&quot;:&quot;tilt&quot;}\">\n\t\t\t\t\t\t\t<div class=\"elementor-background-overlay\"><\/div>\n\t\t\t\t\t\t<div class=\"elementor-shape elementor-shape-bottom\" aria-hidden=\"true\" data-negative=\"false\">\n\t\t\t<svg xmlns=\"http:\/\/www.w3.org\/2000\/svg\" viewBox=\"0 0 1000 100\" preserveAspectRatio=\"none\">\n\t<path class=\"elementor-shape-fill\" d=\"M0,6V0h1000v100L0,6z\"\/>\n<\/svg>\t\t<\/div>\n\t\t\t\t\t<div class=\"elementor-container elementor-column-gap-no\">\n\t\t\t\t\t<div class=\"elementor-column elementor-col-100 elementor-top-column elementor-element elementor-element-1efd144d\" data-id=\"1efd144d\" data-element_type=\"column\" data-e-type=\"column\">\n\t\t\t<div class=\"elementor-widget-wrap elementor-element-populated\">\n\t\t\t\t\t\t<div class=\"elementor-element elementor-element-76d610f elementor-widget elementor-widget-heading\" data-id=\"76d610f\" data-element_type=\"widget\" data-e-type=\"widget\" data-widget_type=\"heading.default\">\n\t\t\t\t<div class=\"elementor-widget-container\">\n\t\t\t\t\t<h1 class=\"elementor-heading-title elementor-size-large\">\u041f\u0440\u043e\u0434\u0430\u0436\u0430 \u044d\u043a\u0441\u043a\u043b\u044e\u0437\u0438\u0432\u043d\u043e\u0439 \u0434\u0440\u0435\u0432\u0435\u0441\u0438\u043d\u044b<\/h1>\t\t\t\t<\/div>\n\t\t\t\t<\/div>\n\t\t\t\t\t<\/div>\n\t\t<\/div>\n\t\t\t\t\t<\/div>\n\t\t<\/section>\n\t\t<div class=\"elementor-element elementor-element-dd4e0bb e-con-full e-flex e-con e-parent\" data-id=\"dd4e0bb\" data-element_type=\"container\" data-e-type=\"container\">\n\t\t<div class=\"elementor-element elementor-element-8ef9d32 e-con-full e-flex e-con e-parent\" data-id=\"8ef9d32\" data-element_type=\"container\" data-e-type=\"container\">\n\t\t\t\t<div class=\"elementor-element elementor-element-cba6bf5 elementor-widget elementor-widget-image\" data-id=\"cba6bf5\" data-element_type=\"widget\" data-e-type=\"widget\" data-widget_type=\"image.default\">\n\t\t\t\t<div class=\"elementor-widget-container\">\n\t\t\t\t\t\t\t\t\t\t\t\t\t\t\t<img fetchpriority=\"high\" decoding=\"async\" width=\"768\" height=\"1024\" src=\"https:\/\/puidukaitlus.ee\/wp-content\/uploads\/2021\/02\/IMG_5614-768x1024.jpeg\" class=\"attachment-large size-large wp-image-1162\" alt=\"Puidust tooted\" srcset=\"https:\/\/puidukaitlus.ee\/wp-content\/uploads\/2021\/02\/IMG_5614-768x1024.jpeg 768w, https:\/\/puidukaitlus.ee\/wp-content\/uploads\/2021\/02\/IMG_5614-225x300.jpeg 225w, https:\/\/puidukaitlus.ee\/wp-content\/uploads\/2021\/02\/IMG_5614-1152x1536.jpeg 1152w, https:\/\/puidukaitlus.ee\/wp-content\/uploads\/2021\/02\/IMG_5614-1536x2048.jpeg 1536w, https:\/\/puidukaitlus.ee\/wp-content\/uploads\/2021\/02\/IMG_5614-scaled.jpeg 1920w\" sizes=\"(max-width: 768px) 100vw, 768px\" \/>\t\t\t\t\t\t\t\t\t\t\t\t\t\t\t<\/div>\n\t\t\t\t<\/div>\n\t\t\t\t<\/div>\n\t\t<div class=\"elementor-element elementor-element-7b03540 e-con-full e-flex e-con e-parent\" data-id=\"7b03540\" data-element_type=\"container\" data-e-type=\"container\">\n\t\t\t\t<div class=\"elementor-element elementor-element-9ff2a14 elementor-widget elementor-widget-heading\" data-id=\"9ff2a14\" data-element_type=\"widget\" data-e-type=\"widget\" data-widget_type=\"heading.default\">\n\t\t\t\t<div class=\"elementor-widget-container\">\n\t\t\t\t\t<h2 class=\"elementor-heading-title elementor-size-default\">\u041f\u0440\u043e\u0434\u0430\u0436\u0430 \u044d\u043a\u0441\u043a\u043b\u044e\u0437\u0438\u0432\u043d\u043e\u0439 \u0434\u0440\u0435\u0432\u0435\u0441\u0438\u043d\u044b<\/h2>\t\t\t\t<\/div>\n\t\t\t\t<\/div>\n\t\t\t\t<div class=\"elementor-element elementor-element-0dd5bcd elementor-widget elementor-widget-text-editor\" data-id=\"0dd5bcd\" data-element_type=\"widget\" data-e-type=\"widget\" data-widget_type=\"text-editor.default\">\n\t\t\t\t<div class=\"elementor-widget-container\">\n\t\t\t\t\t\t\t\t\t<p>\u041f\u0440\u0435\u0434\u043b\u0430\u0433\u0430\u0435\u043c \u044f\u0441\u0435\u043d\u0435\u0432\u044b\u0435, \u0434\u0443\u0431\u043e\u0432\u044b\u0435, \u043e\u043b\u044c\u0445\u043e\u0432\u044b\u0435, \u0435\u043b\u043e\u0432\u044b\u0435, \u0441\u043e\u0441\u043d\u043e\u0432\u044b\u0435 \u0434\u043e\u0441\u043a\u0438.<\/p>\t\t\t\t\t\t\t\t<\/div>\n\t\t\t\t<\/div>\n\t\t\t\t<\/div>\n\t\t\t\t<\/div>\n\t\t\t\t<\/div>\n\t\t","protected":false},"excerpt":{"rendered":"<p>\u041f\u0440\u043e\u0434\u0430\u0436\u0430 \u044d\u043a\u0441\u043a\u043b\u044e\u0437\u0438\u0432\u043d\u043e\u0439 \u0434\u0440\u0435\u0432\u0435\u0441\u0438\u043d\u044b \u041f\u0440\u043e\u0434\u0430\u0436\u0430 \u044d\u043a\u0441\u043a\u043b\u044e\u0437\u0438\u0432\u043d\u043e\u0439 \u0434\u0440\u0435\u0432\u0435\u0441\u0438\u043d\u044b \u041f\u0440\u0435\u0434\u043b\u0430\u0433\u0430\u0435\u043c \u044f\u0441\u0435\u043d\u0435\u0432\u044b\u0435, \u0434\u0443\u0431\u043e\u0432\u044b\u0435, \u043e\u043b\u044c\u0445\u043e\u0432\u044b\u0435, \u0435\u043b\u043e\u0432\u044b\u0435, \u0441\u043e\u0441\u043d\u043e\u0432\u044b\u0435 \u0434\u043e\u0441\u043a\u0438.<\/p>\n","protected":false},"author":1,"featured_media":0,"parent":1015,"menu_order":0,"comment_status":"closed","ping_status":"closed","template":"","meta":{"footnotes":""},"class_list":["post-1167","page","type-page","status-publish","hentry"],"yoast_head":"<!-- This site is optimized with the Yoast SEO plugin v27.4 - https:\/\/yoast.com\/product\/yoast-seo-wordpress\/ -->\n<title>\u041f\u0440\u043e\u0434\u0430\u0436\u0430 \u044d\u043a\u0441\u043a\u043b\u044e\u0437\u0438\u0432\u043d\u043e\u0439 \u0434\u0440\u0435\u0432\u0435\u0441\u0438\u043d\u044b - Puiduk&auml;itlus<\/title>\n<meta name=\"description\" content=\"\u041f\u0440\u043e\u0434\u0430\u0436\u0430 \u044d\u043a\u0441\u043a\u043b\u044e\u0437\u0438\u0432\u043d\u043e\u0439 \u0434\u0440\u0435\u0432\u0435\u0441\u0438\u043d\u044b - \u041f\u0440\u0435\u0434\u043b\u0430\u0433\u0430\u0435\u043c \u044f\u0441\u0435\u043d\u0435\u0432\u044b\u0435, \u0434\u0443\u0431\u043e\u0432\u044b\u0435, \u043e\u043b\u044c\u0445\u043e\u0432\u044b\u0435, \u0435\u043b\u043e\u0432\u044b\u0435, \u0441\u043e\u0441\u043d\u043e\u0432\u044b\u0435 \u0434\u043e\u0441\u043a\u0438. Puiduk\u00e4itlus O\u00dc\" \/>\n<meta name=\"robots\" content=\"index, follow, max-snippet:-1, max-image-preview:large, max-video-preview:-1\" \/>\n<link rel=\"canonical\" href=\"https:\/\/puidukaitlus.ee\/ru\/%d1%83%d1%81%d0%bb%d1%83%d0%b3%d0%b8\/%d0%bf%d1%80%d0%be%d0%b4%d0%b0%d0%b6%d0%b0-%d1%8d%d0%ba%d1%81%d0%ba%d0%bb%d1%8e%d0%b7%d0%b8%d0%b2%d0%bd%d0%be%d0%b9-%d0%b4%d1%80%d0%b5%d0%b2%d0%b5%d1%81%d0%b8%d0%bd%d1%8b\/\" \/>\n<meta property=\"og:locale\" content=\"ru_RU\" \/>\n<meta property=\"og:type\" content=\"article\" \/>\n<meta property=\"og:title\" content=\"\u041f\u0440\u043e\u0434\u0430\u0436\u0430 \u044d\u043a\u0441\u043a\u043b\u044e\u0437\u0438\u0432\u043d\u043e\u0439 \u0434\u0440\u0435\u0432\u0435\u0441\u0438\u043d\u044b - Puiduk&auml;itlus\" \/>\n<meta property=\"og:description\" content=\"\u041f\u0440\u043e\u0434\u0430\u0436\u0430 \u044d\u043a\u0441\u043a\u043b\u044e\u0437\u0438\u0432\u043d\u043e\u0439 \u0434\u0440\u0435\u0432\u0435\u0441\u0438\u043d\u044b - \u041f\u0440\u0435\u0434\u043b\u0430\u0433\u0430\u0435\u043c \u044f\u0441\u0435\u043d\u0435\u0432\u044b\u0435, \u0434\u0443\u0431\u043e\u0432\u044b\u0435, \u043e\u043b\u044c\u0445\u043e\u0432\u044b\u0435, \u0435\u043b\u043e\u0432\u044b\u0435, \u0441\u043e\u0441\u043d\u043e\u0432\u044b\u0435 \u0434\u043e\u0441\u043a\u0438. Puiduk\u00e4itlus O\u00dc\" \/>\n<meta property=\"og:url\" content=\"https:\/\/puidukaitlus.ee\/ru\/%d1%83%d1%81%d0%bb%d1%83%d0%b3%d0%b8\/%d0%bf%d1%80%d0%be%d0%b4%d0%b0%d0%b6%d0%b0-%d1%8d%d0%ba%d1%81%d0%ba%d0%bb%d1%8e%d0%b7%d0%b8%d0%b2%d0%bd%d0%be%d0%b9-%d0%b4%d1%80%d0%b5%d0%b2%d0%b5%d1%81%d0%b8%d0%bd%d1%8b\/\" \/>\n<meta property=\"og:site_name\" content=\"Puiduk&auml;itlus\" \/>\n<meta property=\"article:publisher\" content=\"https:\/\/www.facebook.com\/puidukaitlus\" \/>\n<meta property=\"article:modified_time\" content=\"2023-07-06T06:44:42+00:00\" \/>\n<meta property=\"og:image\" content=\"https:\/\/puidukaitlus.ee\/wp-content\/uploads\/2021\/02\/IMG_5614-768x1024.jpeg\" \/>\n<meta name=\"twitter:card\" content=\"summary_large_image\" \/>\n<meta name=\"twitter:label1\" content=\"\u041f\u0440\u0438\u043c\u0435\u0440\u043d\u043e\u0435 \u0432\u0440\u0435\u043c\u044f \u0434\u043b\u044f \u0447\u0442\u0435\u043d\u0438\u044f\" \/>\n\t<meta name=\"twitter:data1\" content=\"1 \u043c\u0438\u043d\u0443\u0442\u0430\" \/>\n<script type=\"application\/ld+json\" class=\"yoast-schema-graph\">{\"@context\":\"https:\\\/\\\/schema.org\",\"@graph\":[{\"@type\":\"WebPage\",\"@id\":\"https:\\\/\\\/puidukaitlus.ee\\\/ru\\\/%d1%83%d1%81%d0%bb%d1%83%d0%b3%d0%b8\\\/%d0%bf%d1%80%d0%be%d0%b4%d0%b0%d0%b6%d0%b0-%d1%8d%d0%ba%d1%81%d0%ba%d0%bb%d1%8e%d0%b7%d0%b8%d0%b2%d0%bd%d0%be%d0%b9-%d0%b4%d1%80%d0%b5%d0%b2%d0%b5%d1%81%d0%b8%d0%bd%d1%8b\\\/\",\"url\":\"https:\\\/\\\/puidukaitlus.ee\\\/ru\\\/%d1%83%d1%81%d0%bb%d1%83%d0%b3%d0%b8\\\/%d0%bf%d1%80%d0%be%d0%b4%d0%b0%d0%b6%d0%b0-%d1%8d%d0%ba%d1%81%d0%ba%d0%bb%d1%8e%d0%b7%d0%b8%d0%b2%d0%bd%d0%be%d0%b9-%d0%b4%d1%80%d0%b5%d0%b2%d0%b5%d1%81%d0%b8%d0%bd%d1%8b\\\/\",\"name\":\"\u041f\u0440\u043e\u0434\u0430\u0436\u0430 \u044d\u043a\u0441\u043a\u043b\u044e\u0437\u0438\u0432\u043d\u043e\u0439 \u0434\u0440\u0435\u0432\u0435\u0441\u0438\u043d\u044b - Puiduk&auml;itlus\",\"isPartOf\":{\"@id\":\"https:\\\/\\\/puidukaitlus.ee\\\/ru\\\/#website\"},\"primaryImageOfPage\":{\"@id\":\"https:\\\/\\\/puidukaitlus.ee\\\/ru\\\/%d1%83%d1%81%d0%bb%d1%83%d0%b3%d0%b8\\\/%d0%bf%d1%80%d0%be%d0%b4%d0%b0%d0%b6%d0%b0-%d1%8d%d0%ba%d1%81%d0%ba%d0%bb%d1%8e%d0%b7%d0%b8%d0%b2%d0%bd%d0%be%d0%b9-%d0%b4%d1%80%d0%b5%d0%b2%d0%b5%d1%81%d0%b8%d0%bd%d1%8b\\\/#primaryimage\"},\"image\":{\"@id\":\"https:\\\/\\\/puidukaitlus.ee\\\/ru\\\/%d1%83%d1%81%d0%bb%d1%83%d0%b3%d0%b8\\\/%d0%bf%d1%80%d0%be%d0%b4%d0%b0%d0%b6%d0%b0-%d1%8d%d0%ba%d1%81%d0%ba%d0%bb%d1%8e%d0%b7%d0%b8%d0%b2%d0%bd%d0%be%d0%b9-%d0%b4%d1%80%d0%b5%d0%b2%d0%b5%d1%81%d0%b8%d0%bd%d1%8b\\\/#primaryimage\"},\"thumbnailUrl\":\"https:\\\/\\\/puidukaitlus.ee\\\/wp-content\\\/uploads\\\/2021\\\/02\\\/IMG_5614-768x1024.jpeg\",\"datePublished\":\"2021-01-31T23:07:38+00:00\",\"dateModified\":\"2023-07-06T06:44:42+00:00\",\"description\":\"\u041f\u0440\u043e\u0434\u0430\u0436\u0430 \u044d\u043a\u0441\u043a\u043b\u044e\u0437\u0438\u0432\u043d\u043e\u0439 \u0434\u0440\u0435\u0432\u0435\u0441\u0438\u043d\u044b - \u041f\u0440\u0435\u0434\u043b\u0430\u0433\u0430\u0435\u043c \u044f\u0441\u0435\u043d\u0435\u0432\u044b\u0435, \u0434\u0443\u0431\u043e\u0432\u044b\u0435, \u043e\u043b\u044c\u0445\u043e\u0432\u044b\u0435, \u0435\u043b\u043e\u0432\u044b\u0435, \u0441\u043e\u0441\u043d\u043e\u0432\u044b\u0435 \u0434\u043e\u0441\u043a\u0438. Puiduk\u00e4itlus O\u00dc\",\"breadcrumb\":{\"@id\":\"https:\\\/\\\/puidukaitlus.ee\\\/ru\\\/%d1%83%d1%81%d0%bb%d1%83%d0%b3%d0%b8\\\/%d0%bf%d1%80%d0%be%d0%b4%d0%b0%d0%b6%d0%b0-%d1%8d%d0%ba%d1%81%d0%ba%d0%bb%d1%8e%d0%b7%d0%b8%d0%b2%d0%bd%d0%be%d0%b9-%d0%b4%d1%80%d0%b5%d0%b2%d0%b5%d1%81%d0%b8%d0%bd%d1%8b\\\/#breadcrumb\"},\"inLanguage\":\"ru-RU\",\"potentialAction\":[{\"@type\":\"ReadAction\",\"target\":[\"https:\\\/\\\/puidukaitlus.ee\\\/ru\\\/%d1%83%d1%81%d0%bb%d1%83%d0%b3%d0%b8\\\/%d0%bf%d1%80%d0%be%d0%b4%d0%b0%d0%b6%d0%b0-%d1%8d%d0%ba%d1%81%d0%ba%d0%bb%d1%8e%d0%b7%d0%b8%d0%b2%d0%bd%d0%be%d0%b9-%d0%b4%d1%80%d0%b5%d0%b2%d0%b5%d1%81%d0%b8%d0%bd%d1%8b\\\/\"]}]},{\"@type\":\"ImageObject\",\"inLanguage\":\"ru-RU\",\"@id\":\"https:\\\/\\\/puidukaitlus.ee\\\/ru\\\/%d1%83%d1%81%d0%bb%d1%83%d0%b3%d0%b8\\\/%d0%bf%d1%80%d0%be%d0%b4%d0%b0%d0%b6%d0%b0-%d1%8d%d0%ba%d1%81%d0%ba%d0%bb%d1%8e%d0%b7%d0%b8%d0%b2%d0%bd%d0%be%d0%b9-%d0%b4%d1%80%d0%b5%d0%b2%d0%b5%d1%81%d0%b8%d0%bd%d1%8b\\\/#primaryimage\",\"url\":\"https:\\\/\\\/puidukaitlus.ee\\\/wp-content\\\/uploads\\\/2021\\\/02\\\/IMG_5614-768x1024.jpeg\",\"contentUrl\":\"https:\\\/\\\/puidukaitlus.ee\\\/wp-content\\\/uploads\\\/2021\\\/02\\\/IMG_5614-768x1024.jpeg\"},{\"@type\":\"BreadcrumbList\",\"@id\":\"https:\\\/\\\/puidukaitlus.ee\\\/ru\\\/%d1%83%d1%81%d0%bb%d1%83%d0%b3%d0%b8\\\/%d0%bf%d1%80%d0%be%d0%b4%d0%b0%d0%b6%d0%b0-%d1%8d%d0%ba%d1%81%d0%ba%d0%bb%d1%8e%d0%b7%d0%b8%d0%b2%d0%bd%d0%be%d0%b9-%d0%b4%d1%80%d0%b5%d0%b2%d0%b5%d1%81%d0%b8%d0%bd%d1%8b\\\/#breadcrumb\",\"itemListElement\":[{\"@type\":\"ListItem\",\"position\":1,\"name\":\"Home\",\"item\":\"https:\\\/\\\/puidukaitlus.ee\\\/ru\\\/\"},{\"@type\":\"ListItem\",\"position\":2,\"name\":\"\u0423\u0441\u043b\u0443\u0433\u0438\",\"item\":\"https:\\\/\\\/puidukaitlus.ee\\\/ru\\\/%d1%83%d1%81%d0%bb%d1%83%d0%b3%d0%b8\\\/\"},{\"@type\":\"ListItem\",\"position\":3,\"name\":\"\u041f\u0440\u043e\u0434\u0430\u0436\u0430 \u044d\u043a\u0441\u043a\u043b\u044e\u0437\u0438\u0432\u043d\u043e\u0439 \u0434\u0440\u0435\u0432\u0435\u0441\u0438\u043d\u044b\"}]},{\"@type\":\"WebSite\",\"@id\":\"https:\\\/\\\/puidukaitlus.ee\\\/ru\\\/#website\",\"url\":\"https:\\\/\\\/puidukaitlus.ee\\\/ru\\\/\",\"name\":\"Puiduk\u00e4itlus\",\"description\":\"Puidu k&auml;itlemine\",\"publisher\":{\"@id\":\"https:\\\/\\\/puidukaitlus.ee\\\/ru\\\/#organization\"},\"alternateName\":\"Puiduk\u00e4itlus O\u00dc\",\"potentialAction\":[{\"@type\":\"SearchAction\",\"target\":{\"@type\":\"EntryPoint\",\"urlTemplate\":\"https:\\\/\\\/puidukaitlus.ee\\\/ru\\\/?s={search_term_string}\"},\"query-input\":{\"@type\":\"PropertyValueSpecification\",\"valueRequired\":true,\"valueName\":\"search_term_string\"}}],\"inLanguage\":\"ru-RU\"},{\"@type\":\"Organization\",\"@id\":\"https:\\\/\\\/puidukaitlus.ee\\\/ru\\\/#organization\",\"name\":\"Puiduk\u00e4itlus O\u00dc\",\"alternateName\":\"Puiduk\u00e4itlus O\u00dc\",\"url\":\"https:\\\/\\\/puidukaitlus.ee\\\/ru\\\/\",\"logo\":{\"@type\":\"ImageObject\",\"inLanguage\":\"ru-RU\",\"@id\":\"https:\\\/\\\/puidukaitlus.ee\\\/ru\\\/#\\\/schema\\\/logo\\\/image\\\/\",\"url\":\"https:\\\/\\\/puidukaitlus.ee\\\/wp-content\\\/uploads\\\/2019\\\/09\\\/puiduk\u00e4itlus-logod_valge.png\",\"contentUrl\":\"https:\\\/\\\/puidukaitlus.ee\\\/wp-content\\\/uploads\\\/2019\\\/09\\\/puiduk\u00e4itlus-logod_valge.png\",\"width\":595,\"height\":139,\"caption\":\"Puiduk\u00e4itlus O\u00dc\"},\"image\":{\"@id\":\"https:\\\/\\\/puidukaitlus.ee\\\/ru\\\/#\\\/schema\\\/logo\\\/image\\\/\"},\"sameAs\":[\"https:\\\/\\\/www.facebook.com\\\/puidukaitlus\"]}]}<\/script>\n<!-- \/ Yoast SEO plugin. -->","yoast_head_json":{"title":"\u041f\u0440\u043e\u0434\u0430\u0436\u0430 \u044d\u043a\u0441\u043a\u043b\u044e\u0437\u0438\u0432\u043d\u043e\u0439 \u0434\u0440\u0435\u0432\u0435\u0441\u0438\u043d\u044b - Puiduk&auml;itlus","description":"\u041f\u0440\u043e\u0434\u0430\u0436\u0430 \u044d\u043a\u0441\u043a\u043b\u044e\u0437\u0438\u0432\u043d\u043e\u0439 \u0434\u0440\u0435\u0432\u0435\u0441\u0438\u043d\u044b - \u041f\u0440\u0435\u0434\u043b\u0430\u0433\u0430\u0435\u043c \u044f\u0441\u0435\u043d\u0435\u0432\u044b\u0435, \u0434\u0443\u0431\u043e\u0432\u044b\u0435, \u043e\u043b\u044c\u0445\u043e\u0432\u044b\u0435, \u0435\u043b\u043e\u0432\u044b\u0435, \u0441\u043e\u0441\u043d\u043e\u0432\u044b\u0435 \u0434\u043e\u0441\u043a\u0438. Puiduk\u00e4itlus O\u00dc","robots":{"index":"index","follow":"follow","max-snippet":"max-snippet:-1","max-image-preview":"max-image-preview:large","max-video-preview":"max-video-preview:-1"},"canonical":"https:\/\/puidukaitlus.ee\/ru\/%d1%83%d1%81%d0%bb%d1%83%d0%b3%d0%b8\/%d0%bf%d1%80%d0%be%d0%b4%d0%b0%d0%b6%d0%b0-%d1%8d%d0%ba%d1%81%d0%ba%d0%bb%d1%8e%d0%b7%d0%b8%d0%b2%d0%bd%d0%be%d0%b9-%d0%b4%d1%80%d0%b5%d0%b2%d0%b5%d1%81%d0%b8%d0%bd%d1%8b\/","og_locale":"ru_RU","og_type":"article","og_title":"\u041f\u0440\u043e\u0434\u0430\u0436\u0430 \u044d\u043a\u0441\u043a\u043b\u044e\u0437\u0438\u0432\u043d\u043e\u0439 \u0434\u0440\u0435\u0432\u0435\u0441\u0438\u043d\u044b - Puiduk&auml;itlus","og_description":"\u041f\u0440\u043e\u0434\u0430\u0436\u0430 \u044d\u043a\u0441\u043a\u043b\u044e\u0437\u0438\u0432\u043d\u043e\u0439 \u0434\u0440\u0435\u0432\u0435\u0441\u0438\u043d\u044b - \u041f\u0440\u0435\u0434\u043b\u0430\u0433\u0430\u0435\u043c \u044f\u0441\u0435\u043d\u0435\u0432\u044b\u0435, \u0434\u0443\u0431\u043e\u0432\u044b\u0435, \u043e\u043b\u044c\u0445\u043e\u0432\u044b\u0435, \u0435\u043b\u043e\u0432\u044b\u0435, \u0441\u043e\u0441\u043d\u043e\u0432\u044b\u0435 \u0434\u043e\u0441\u043a\u0438. Puiduk\u00e4itlus O\u00dc","og_url":"https:\/\/puidukaitlus.ee\/ru\/%d1%83%d1%81%d0%bb%d1%83%d0%b3%d0%b8\/%d0%bf%d1%80%d0%be%d0%b4%d0%b0%d0%b6%d0%b0-%d1%8d%d0%ba%d1%81%d0%ba%d0%bb%d1%8e%d0%b7%d0%b8%d0%b2%d0%bd%d0%be%d0%b9-%d0%b4%d1%80%d0%b5%d0%b2%d0%b5%d1%81%d0%b8%d0%bd%d1%8b\/","og_site_name":"Puiduk&auml;itlus","article_publisher":"https:\/\/www.facebook.com\/puidukaitlus","article_modified_time":"2023-07-06T06:44:42+00:00","og_image":[{"url":"https:\/\/puidukaitlus.ee\/wp-content\/uploads\/2021\/02\/IMG_5614-768x1024.jpeg","type":"","width":"","height":""}],"twitter_card":"summary_large_image","twitter_misc":{"\u041f\u0440\u0438\u043c\u0435\u0440\u043d\u043e\u0435 \u0432\u0440\u0435\u043c\u044f \u0434\u043b\u044f \u0447\u0442\u0435\u043d\u0438\u044f":"1 \u043c\u0438\u043d\u0443\u0442\u0430"},"schema":{"@context":"https:\/\/schema.org","@graph":[{"@type":"WebPage","@id":"https:\/\/puidukaitlus.ee\/ru\/%d1%83%d1%81%d0%bb%d1%83%d0%b3%d0%b8\/%d0%bf%d1%80%d0%be%d0%b4%d0%b0%d0%b6%d0%b0-%d1%8d%d0%ba%d1%81%d0%ba%d0%bb%d1%8e%d0%b7%d0%b8%d0%b2%d0%bd%d0%be%d0%b9-%d0%b4%d1%80%d0%b5%d0%b2%d0%b5%d1%81%d0%b8%d0%bd%d1%8b\/","url":"https:\/\/puidukaitlus.ee\/ru\/%d1%83%d1%81%d0%bb%d1%83%d0%b3%d0%b8\/%d0%bf%d1%80%d0%be%d0%b4%d0%b0%d0%b6%d0%b0-%d1%8d%d0%ba%d1%81%d0%ba%d0%bb%d1%8e%d0%b7%d0%b8%d0%b2%d0%bd%d0%be%d0%b9-%d0%b4%d1%80%d0%b5%d0%b2%d0%b5%d1%81%d0%b8%d0%bd%d1%8b\/","name":"\u041f\u0440\u043e\u0434\u0430\u0436\u0430 \u044d\u043a\u0441\u043a\u043b\u044e\u0437\u0438\u0432\u043d\u043e\u0439 \u0434\u0440\u0435\u0432\u0435\u0441\u0438\u043d\u044b - Puiduk&auml;itlus","isPartOf":{"@id":"https:\/\/puidukaitlus.ee\/ru\/#website"},"primaryImageOfPage":{"@id":"https:\/\/puidukaitlus.ee\/ru\/%d1%83%d1%81%d0%bb%d1%83%d0%b3%d0%b8\/%d0%bf%d1%80%d0%be%d0%b4%d0%b0%d0%b6%d0%b0-%d1%8d%d0%ba%d1%81%d0%ba%d0%bb%d1%8e%d0%b7%d0%b8%d0%b2%d0%bd%d0%be%d0%b9-%d0%b4%d1%80%d0%b5%d0%b2%d0%b5%d1%81%d0%b8%d0%bd%d1%8b\/#primaryimage"},"image":{"@id":"https:\/\/puidukaitlus.ee\/ru\/%d1%83%d1%81%d0%bb%d1%83%d0%b3%d0%b8\/%d0%bf%d1%80%d0%be%d0%b4%d0%b0%d0%b6%d0%b0-%d1%8d%d0%ba%d1%81%d0%ba%d0%bb%d1%8e%d0%b7%d0%b8%d0%b2%d0%bd%d0%be%d0%b9-%d0%b4%d1%80%d0%b5%d0%b2%d0%b5%d1%81%d0%b8%d0%bd%d1%8b\/#primaryimage"},"thumbnailUrl":"https:\/\/puidukaitlus.ee\/wp-content\/uploads\/2021\/02\/IMG_5614-768x1024.jpeg","datePublished":"2021-01-31T23:07:38+00:00","dateModified":"2023-07-06T06:44:42+00:00","description":"\u041f\u0440\u043e\u0434\u0430\u0436\u0430 \u044d\u043a\u0441\u043a\u043b\u044e\u0437\u0438\u0432\u043d\u043e\u0439 \u0434\u0440\u0435\u0432\u0435\u0441\u0438\u043d\u044b - \u041f\u0440\u0435\u0434\u043b\u0430\u0433\u0430\u0435\u043c \u044f\u0441\u0435\u043d\u0435\u0432\u044b\u0435, \u0434\u0443\u0431\u043e\u0432\u044b\u0435, \u043e\u043b\u044c\u0445\u043e\u0432\u044b\u0435, \u0435\u043b\u043e\u0432\u044b\u0435, \u0441\u043e\u0441\u043d\u043e\u0432\u044b\u0435 \u0434\u043e\u0441\u043a\u0438. Puiduk\u00e4itlus O\u00dc","breadcrumb":{"@id":"https:\/\/puidukaitlus.ee\/ru\/%d1%83%d1%81%d0%bb%d1%83%d0%b3%d0%b8\/%d0%bf%d1%80%d0%be%d0%b4%d0%b0%d0%b6%d0%b0-%d1%8d%d0%ba%d1%81%d0%ba%d0%bb%d1%8e%d0%b7%d0%b8%d0%b2%d0%bd%d0%be%d0%b9-%d0%b4%d1%80%d0%b5%d0%b2%d0%b5%d1%81%d0%b8%d0%bd%d1%8b\/#breadcrumb"},"inLanguage":"ru-RU","potentialAction":[{"@type":"ReadAction","target":["https:\/\/puidukaitlus.ee\/ru\/%d1%83%d1%81%d0%bb%d1%83%d0%b3%d0%b8\/%d0%bf%d1%80%d0%be%d0%b4%d0%b0%d0%b6%d0%b0-%d1%8d%d0%ba%d1%81%d0%ba%d0%bb%d1%8e%d0%b7%d0%b8%d0%b2%d0%bd%d0%be%d0%b9-%d0%b4%d1%80%d0%b5%d0%b2%d0%b5%d1%81%d0%b8%d0%bd%d1%8b\/"]}]},{"@type":"ImageObject","inLanguage":"ru-RU","@id":"https:\/\/puidukaitlus.ee\/ru\/%d1%83%d1%81%d0%bb%d1%83%d0%b3%d0%b8\/%d0%bf%d1%80%d0%be%d0%b4%d0%b0%d0%b6%d0%b0-%d1%8d%d0%ba%d1%81%d0%ba%d0%bb%d1%8e%d0%b7%d0%b8%d0%b2%d0%bd%d0%be%d0%b9-%d0%b4%d1%80%d0%b5%d0%b2%d0%b5%d1%81%d0%b8%d0%bd%d1%8b\/#primaryimage","url":"https:\/\/puidukaitlus.ee\/wp-content\/uploads\/2021\/02\/IMG_5614-768x1024.jpeg","contentUrl":"https:\/\/puidukaitlus.ee\/wp-content\/uploads\/2021\/02\/IMG_5614-768x1024.jpeg"},{"@type":"BreadcrumbList","@id":"https:\/\/puidukaitlus.ee\/ru\/%d1%83%d1%81%d0%bb%d1%83%d0%b3%d0%b8\/%d0%bf%d1%80%d0%be%d0%b4%d0%b0%d0%b6%d0%b0-%d1%8d%d0%ba%d1%81%d0%ba%d0%bb%d1%8e%d0%b7%d0%b8%d0%b2%d0%bd%d0%be%d0%b9-%d0%b4%d1%80%d0%b5%d0%b2%d0%b5%d1%81%d0%b8%d0%bd%d1%8b\/#breadcrumb","itemListElement":[{"@type":"ListItem","position":1,"name":"Home","item":"https:\/\/puidukaitlus.ee\/ru\/"},{"@type":"ListItem","position":2,"name":"\u0423\u0441\u043b\u0443\u0433\u0438","item":"https:\/\/puidukaitlus.ee\/ru\/%d1%83%d1%81%d0%bb%d1%83%d0%b3%d0%b8\/"},{"@type":"ListItem","position":3,"name":"\u041f\u0440\u043e\u0434\u0430\u0436\u0430 \u044d\u043a\u0441\u043a\u043b\u044e\u0437\u0438\u0432\u043d\u043e\u0439 \u0434\u0440\u0435\u0432\u0435\u0441\u0438\u043d\u044b"}]},{"@type":"WebSite","@id":"https:\/\/puidukaitlus.ee\/ru\/#website","url":"https:\/\/puidukaitlus.ee\/ru\/","name":"Puiduk\u00e4itlus","description":"Puidu k&auml;itlemine","publisher":{"@id":"https:\/\/puidukaitlus.ee\/ru\/#organization"},"alternateName":"Puiduk\u00e4itlus O\u00dc","potentialAction":[{"@type":"SearchAction","target":{"@type":"EntryPoint","urlTemplate":"https:\/\/puidukaitlus.ee\/ru\/?s={search_term_string}"},"query-input":{"@type":"PropertyValueSpecification","valueRequired":true,"valueName":"search_term_string"}}],"inLanguage":"ru-RU"},{"@type":"Organization","@id":"https:\/\/puidukaitlus.ee\/ru\/#organization","name":"Puiduk\u00e4itlus O\u00dc","alternateName":"Puiduk\u00e4itlus O\u00dc","url":"https:\/\/puidukaitlus.ee\/ru\/","logo":{"@type":"ImageObject","inLanguage":"ru-RU","@id":"https:\/\/puidukaitlus.ee\/ru\/#\/schema\/logo\/image\/","url":"https:\/\/puidukaitlus.ee\/wp-content\/uploads\/2019\/09\/puiduk\u00e4itlus-logod_valge.png","contentUrl":"https:\/\/puidukaitlus.ee\/wp-content\/uploads\/2019\/09\/puiduk\u00e4itlus-logod_valge.png","width":595,"height":139,"caption":"Puiduk\u00e4itlus O\u00dc"},"image":{"@id":"https:\/\/puidukaitlus.ee\/ru\/#\/schema\/logo\/image\/"},"sameAs":["https:\/\/www.facebook.com\/puidukaitlus"]}]}},"_links":{"self":[{"href":"https:\/\/puidukaitlus.ee\/ru\/wp-json\/wp\/v2\/pages\/1167","targetHints":{"allow":["GET"]}}],"collection":[{"href":"https:\/\/puidukaitlus.ee\/ru\/wp-json\/wp\/v2\/pages"}],"about":[{"href":"https:\/\/puidukaitlus.ee\/ru\/wp-json\/wp\/v2\/types\/page"}],"author":[{"embeddable":true,"href":"https:\/\/puidukaitlus.ee\/ru\/wp-json\/wp\/v2\/users\/1"}],"replies":[{"embeddable":true,"href":"https:\/\/puidukaitlus.ee\/ru\/wp-json\/wp\/v2\/comments?post=1167"}],"version-history":[{"count":28,"href":"https:\/\/puidukaitlus.ee\/ru\/wp-json\/wp\/v2\/pages\/1167\/revisions"}],"predecessor-version":[{"id":2849,"href":"https:\/\/puidukaitlus.ee\/ru\/wp-json\/wp\/v2\/pages\/1167\/revisions\/2849"}],"up":[{"embeddable":true,"href":"https:\/\/puidukaitlus.ee\/ru\/wp-json\/wp\/v2\/pages\/1015"}],"wp:attachment":[{"href":"https:\/\/puidukaitlus.ee\/ru\/wp-json\/wp\/v2\/media?parent=1167"}],"curies":[{"name":"wp","href":"https:\/\/api.w.org\/{rel}","templated":true}]}}